{"id":2105,"date":"2022-11-09T23:44:25","date_gmt":"2022-11-09T23:44:25","guid":{"rendered":"https:\/\/mcclean.com.co\/?page_id=2105"},"modified":"2022-11-11T03:12:54","modified_gmt":"2022-11-11T03:12:54","slug":"detergente","status":"publish","type":"page","link":"https:\/\/mcclean.com.co\/index.php\/detergente\/","title":{"rendered":"Detergente"},"content":{"rendered":"\n<div class=\"wp-block-uagb-container uagb-block-5ef73552 alignfull uagb-is-root-container\"><div class=\"uagb-container-inner-blocks-wrap\">\n<div class=\"wp-block-columns is-layout-flex wp-container-core-columns-is-layout-28f84493 wp-block-columns-is-layout-flex\">\n<div class=\"wp-block-column is-layout-flow wp-block-column-is-layout-flow\">\n<div class=\"wp-block-uagb-container uagb-block-2999a918\"><\/div>\n\n\n\n<div class=\"wp-block-uagb-container uagb-block-5282102c\"><\/div>\n\n\n\n<figure class=\"wp-block-image size-full is-resized\"><img fetchpriority=\"high\" decoding=\"async\" src=\"https:\/\/mcclean.com.co\/wp-content\/uploads\/2022\/11\/DETERGENTE-GRANDE.png\" alt=\"\" class=\"wp-image-1836\" width=\"532\" height=\"532\" srcset=\"https:\/\/mcclean.com.co\/wp-content\/uploads\/2022\/11\/DETERGENTE-GRANDE.png 400w, https:\/\/mcclean.com.co\/wp-content\/uploads\/2022\/11\/DETERGENTE-GRANDE-300x300.png 300w, https:\/\/mcclean.com.co\/wp-content\/uploads\/2022\/11\/DETERGENTE-GRANDE-150x150.png 150w\" sizes=\"(max-width: 532px) 100vw, 532px\" \/><\/figure>\n<\/div>\n\n\n\n<div class=\"wp-block-column is-layout-flow wp-block-column-is-layout-flow\" style=\"padding-top:var(--wp--preset--spacing--80);padding-right:var(--wp--preset--spacing--80);padding-bottom:var(--wp--preset--spacing--80);padding-left:var(--wp--preset--spacing--80)\">\n<div class=\"wp-block-uagb-container uagb-block-cfb734fb\"><\/div>\n\n\n\n<div class=\"wp-block-uagb-container uagb-block-6ff99dc8\"><\/div>\n\n\n\n<h2 class=\"has-text-color has-large-font-size wp-block-heading\" style=\"color:#00156a\">Detergente l\u00edquido para ropa <\/h2>\n\n\n\n<p><strong>F\u00f3rmula especializada para lavado de la ropa, remueve las manchas dif\u00edciles como tierra, chocolate, pasto y vino tinto, adem\u00e1s protege el color y las fibras reduciendo el desgaste de la ropa.\u00a0<\/strong><\/p>\n\n\n\n<div class=\"wp-block-buttons is-layout-flex wp-block-buttons-is-layout-flex\">\n<div class=\"wp-block-button\"><a class=\"wp-block-button__link wp-element-button\" href=\"https:\/\/mcclean.com.co\/index.php\/marca-luvone-2\/\">Atr\u00e1s<\/a><\/div>\n<\/div>\n<\/div>\n<\/div>\n<\/div><\/div>\n","protected":false},"excerpt":{"rendered":"<p>Detergente l\u00edquido para ropa F\u00f3rmula especializada para lavado de la ropa, remueve las manchas dif\u00edciles como tierra, chocolate, pasto y vino tinto, adem\u00e1s protege el color y las fibras reduciendo el desgaste de la ropa.\u00a0<\/p>\n","protected":false},"author":1,"featured_media":0,"parent":0,"menu_order":0,"comment_status":"closed","ping_status":"closed","template":"elementor_header_footer","meta":{"_uag_custom_page_level_css":"","site-sidebar-layout":"default","site-content-layout":"default","ast-global-header-display":"","ast-main-header-display":"","ast-hfb-above-header-display":"","ast-hfb-below-header-display":"","ast-hfb-mobile-header-display":"","site-post-title":"disabled","ast-breadcrumbs-content":"","ast-featured-img":"","footer-sml-layout":"","theme-transparent-header-meta":"","adv-header-id-meta":"","stick-header-meta":"","header-above-stick-meta":"","header-main-stick-meta":"","header-below-stick-meta":"","footnotes":""},"class_list":["post-2105","page","type-page","status-publish","hentry"],"uagb_featured_image_src":{"full":false,"thumbnail":false,"medium":false,"medium_large":false,"large":false,"1536x1536":false,"2048x2048":false},"uagb_author_info":{"display_name":"admin","author_link":"https:\/\/mcclean.com.co\/index.php\/author\/admin\/"},"uagb_comment_info":0,"uagb_excerpt":"Detergente l\u00edquido para ropa F\u00f3rmula especializada para lavado de la ropa, remueve las manchas dif\u00edciles como tierra, chocolate, pasto y vino tinto, adem\u00e1s protege el color y las fibras reduciendo el desgaste de la ropa.\u00a0","_links":{"self":[{"href":"https:\/\/mcclean.com.co\/index.php\/wp-json\/wp\/v2\/pages\/2105","targetHints":{"allow":["GET"]}}],"collection":[{"href":"https:\/\/mcclean.com.co\/index.php\/wp-json\/wp\/v2\/pages"}],"about":[{"href":"https:\/\/mcclean.com.co\/index.php\/wp-json\/wp\/v2\/types\/page"}],"author":[{"embeddable":true,"href":"https:\/\/mcclean.com.co\/index.php\/wp-json\/wp\/v2\/users\/1"}],"replies":[{"embeddable":true,"href":"https:\/\/mcclean.com.co\/index.php\/wp-json\/wp\/v2\/comments?post=2105"}],"version-history":[{"count":33,"href":"https:\/\/mcclean.com.co\/index.php\/wp-json\/wp\/v2\/pages\/2105\/revisions"}],"predecessor-version":[{"id":2389,"href":"https:\/\/mcclean.com.co\/index.php\/wp-json\/wp\/v2\/pages\/2105\/revisions\/2389"}],"wp:attachment":[{"href":"https:\/\/mcclean.com.co\/index.php\/wp-json\/wp\/v2\/media?parent=2105"}],"curies":[{"name":"wp","href":"https:\/\/api.w.org\/{rel}","templated":true}]}}