{"id":900,"date":"2021-04-10T04:05:39","date_gmt":"2021-04-10T04:05:39","guid":{"rendered":"https:\/\/mcclean.com.co\/index.php\/books\/"},"modified":"2022-11-12T14:31:32","modified_gmt":"2022-11-12T14:31:32","slug":"marca-luvone-2","status":"publish","type":"page","link":"https:\/\/mcclean.com.co\/index.php\/marca-luvone-2\/","title":{"rendered":"Marca Luvone"},"content":{"rendered":"\n<div class=\"wp-block-uagb-container uagb-block-af3e9cfc alignfull uagb-is-root-container\"><div class=\"uagb-container-inner-blocks-wrap\"><\/div><\/div>\n\n\n\n<div class=\"wp-block-uagb-container uagb-block-606e7e24 alignfull uagb-is-root-container\"><div class=\"uagb-container-inner-blocks-wrap\"><\/div><\/div>\n\n\n\n<div class=\"wp-block-uagb-container uagb-block-78e70224 alignfull uagb-is-root-container\"><div class=\"uagb-container-inner-blocks-wrap\"><\/div><\/div>\n\n\n\n<div class=\"wp-block-uagb-container uagb-block-b81b28df alignfull uagb-is-root-container\"><div class=\"uagb-container-inner-blocks-wrap\"><\/div><\/div>\n\n\n\n<div class=\"wp-block-uagb-container uagb-block-0cc230ec alignfull uagb-is-root-container\"><div class=\"uagb-container-inner-blocks-wrap\">\n<div class=\"wp-block-uagb-container uagb-block-0f6f1332\">\n<div class=\"wp-block-uagb-container uagb-block-659113a2\"><\/div>\n\n\n\n<h2 class=\"has-text-color wp-block-heading\" style=\"color:#00156a\">Cuidado de la ropa <\/h2>\n\n\n\n<div class=\"wp-block-uagb-container uagb-block-cc556db7\"><\/div>\n\n\n\n<div class=\"wp-block-uagb-container uagb-block-673b777c\">\n<div class=\"wp-block-columns is-layout-flex wp-container-core-columns-is-layout-28f84493 wp-block-columns-is-layout-flex\">\n<div class=\"wp-block-column is-layout-flow wp-block-column-is-layout-flow\">\n<div class=\"wp-block-uagb-container uagb-block-04af7be8\">\n<figure class=\"wp-block-image aligncenter size-full\"><a href=\"https:\/\/mcclean.com.co\/index.php\/detergente\/\"><img fetchpriority=\"high\" decoding=\"async\" width=\"400\" height=\"400\" src=\"https:\/\/mcclean.com.co\/wp-content\/uploads\/2022\/11\/DETERGENTE-GRANDE.png\" alt=\"\" class=\"wp-image-1836\" srcset=\"https:\/\/mcclean.com.co\/wp-content\/uploads\/2022\/11\/DETERGENTE-GRANDE.png 400w, https:\/\/mcclean.com.co\/wp-content\/uploads\/2022\/11\/DETERGENTE-GRANDE-300x300.png 300w, https:\/\/mcclean.com.co\/wp-content\/uploads\/2022\/11\/DETERGENTE-GRANDE-150x150.png 150w\" sizes=\"(max-width: 400px) 100vw, 400px\" \/><\/a><figcaption class=\"wp-element-caption\"><strong>DETERGENTE L\u00cdQUIDO <br>PARA ROPA<\/strong><\/figcaption><\/figure>\n<\/div>\n<\/div>\n\n\n\n<div class=\"wp-block-column is-layout-flow wp-block-column-is-layout-flow\">\n<div class=\"wp-block-uagb-container uagb-block-0e6448e9\">\n<figure class=\"wp-block-image aligncenter size-full\"><a href=\"https:\/\/mcclean.com.co\/index.php\/suavizante\/\"><img decoding=\"async\" width=\"400\" height=\"400\" src=\"https:\/\/mcclean.com.co\/wp-content\/uploads\/2022\/11\/SUAVIZANTE-3L01.png\" alt=\"\" class=\"wp-image-2008\" srcset=\"https:\/\/mcclean.com.co\/wp-content\/uploads\/2022\/11\/SUAVIZANTE-3L01.png 400w, https:\/\/mcclean.com.co\/wp-content\/uploads\/2022\/11\/SUAVIZANTE-3L01-300x300.png 300w, https:\/\/mcclean.com.co\/wp-content\/uploads\/2022\/11\/SUAVIZANTE-3L01-150x150.png 150w\" sizes=\"(max-width: 400px) 100vw, 400px\" \/><\/a><figcaption class=\"wp-element-caption\"><strong>SUAVIZANTE <\/strong><br><strong>DE TELAS<\/strong><strong> <\/strong><\/figcaption><\/figure>\n<\/div>\n<\/div>\n\n\n\n<div class=\"wp-block-column is-layout-flow wp-block-column-is-layout-flow\">\n<div class=\"wp-block-uagb-container uagb-block-dfd4c187\">\n<figure class=\"wp-block-image aligncenter size-full\"><a href=\"https:\/\/mcclean.com.co\/index.php\/quitamanchas\/\"><img decoding=\"async\" width=\"400\" height=\"400\" src=\"https:\/\/mcclean.com.co\/wp-content\/uploads\/2022\/11\/QUITA-MANCHAS-GRANDE.png\" alt=\"\" class=\"wp-image-1838\" srcset=\"https:\/\/mcclean.com.co\/wp-content\/uploads\/2022\/11\/QUITA-MANCHAS-GRANDE.png 400w, https:\/\/mcclean.com.co\/wp-content\/uploads\/2022\/11\/QUITA-MANCHAS-GRANDE-300x300.png 300w, https:\/\/mcclean.com.co\/wp-content\/uploads\/2022\/11\/QUITA-MANCHAS-GRANDE-150x150.png 150w\" sizes=\"(max-width: 400px) 100vw, 400px\" \/><\/a><figcaption class=\"wp-element-caption\"><strong>DESMANCHADOR ROPA <\/strong><br><strong>COLOR-QUITAMANCHAS<\/strong><\/figcaption><\/figure>\n<\/div>\n<\/div>\n<\/div>\n<\/div>\n<\/div>\n<\/div><\/div>\n\n\n\n<div class=\"wp-block-uagb-container uagb-block-f030f54f alignfull uagb-is-root-container\"><div class=\"uagb-container-inner-blocks-wrap\">\n<div class=\"wp-block-uagb-advanced-heading uagb-block-0069069e\"><h2 class=\"uagb-heading-text\">Cuidado del hogar<\/h2><\/div>\n\n\n\n<div class=\"wp-block-uagb-container uagb-block-9636d9f3\">\n<div class=\"wp-block-columns is-layout-flex wp-container-core-columns-is-layout-28f84493 wp-block-columns-is-layout-flex\">\n<div class=\"wp-block-column is-layout-flow wp-block-column-is-layout-flow\">\n<div class=\"wp-block-uagb-container uagb-block-24d9d367\">\n<figure class=\"wp-block-image aligncenter size-full\"><a href=\"https:\/\/mcclean.com.co\/index.php\/lavaloza-liquido\/\"><img loading=\"lazy\" decoding=\"async\" width=\"400\" height=\"400\" src=\"https:\/\/mcclean.com.co\/wp-content\/uploads\/2022\/11\/LAVA-LOZA-GRANDE.png\" alt=\"\" class=\"wp-image-1868\" srcset=\"https:\/\/mcclean.com.co\/wp-content\/uploads\/2022\/11\/LAVA-LOZA-GRANDE.png 400w, https:\/\/mcclean.com.co\/wp-content\/uploads\/2022\/11\/LAVA-LOZA-GRANDE-300x300.png 300w, https:\/\/mcclean.com.co\/wp-content\/uploads\/2022\/11\/LAVA-LOZA-GRANDE-150x150.png 150w\" sizes=\"(max-width: 400px) 100vw, 400px\" \/><\/a><figcaption class=\"wp-element-caption\"><strong>LAVALOZA L\u00cdQUIDO<\/strong><\/figcaption><\/figure>\n<\/div>\n<\/div>\n\n\n\n<div class=\"wp-block-column is-layout-flow wp-block-column-is-layout-flow\">\n<div class=\"wp-block-uagb-container uagb-block-3cf01da2\">\n<figure class=\"wp-block-image aligncenter size-full\"><a href=\"https:\/\/mcclean.com.co\/index.php\/crema-lavaloza\/\"><img loading=\"lazy\" decoding=\"async\" width=\"400\" height=\"400\" src=\"https:\/\/mcclean.com.co\/wp-content\/uploads\/2022\/11\/crema-lavaloza.png\" alt=\"\" class=\"wp-image-2085\" srcset=\"https:\/\/mcclean.com.co\/wp-content\/uploads\/2022\/11\/crema-lavaloza.png 400w, https:\/\/mcclean.com.co\/wp-content\/uploads\/2022\/11\/crema-lavaloza-300x300.png 300w, https:\/\/mcclean.com.co\/wp-content\/uploads\/2022\/11\/crema-lavaloza-150x150.png 150w\" sizes=\"(max-width: 400px) 100vw, 400px\" \/><\/a><figcaption class=\"wp-element-caption\"><strong>CREMA LAVALOZA<\/strong><\/figcaption><\/figure>\n<\/div>\n<\/div>\n\n\n\n<div class=\"wp-block-column is-layout-flow wp-block-column-is-layout-flow\">\n<div class=\"wp-block-uagb-container uagb-block-64614101\">\n<figure class=\"wp-block-image aligncenter size-full\"><a href=\"https:\/\/mcclean.com.co\/index.php\/limpiador-multiusos-lavanda\/\"><img loading=\"lazy\" decoding=\"async\" width=\"400\" height=\"400\" src=\"https:\/\/mcclean.com.co\/wp-content\/uploads\/2022\/11\/MULTIUSOS-LAVANDA-PEQUENO-.png\" alt=\"\" class=\"wp-image-1874\" srcset=\"https:\/\/mcclean.com.co\/wp-content\/uploads\/2022\/11\/MULTIUSOS-LAVANDA-PEQUENO-.png 400w, https:\/\/mcclean.com.co\/wp-content\/uploads\/2022\/11\/MULTIUSOS-LAVANDA-PEQUENO--300x300.png 300w, https:\/\/mcclean.com.co\/wp-content\/uploads\/2022\/11\/MULTIUSOS-LAVANDA-PEQUENO--150x150.png 150w\" sizes=\"(max-width: 400px) 100vw, 400px\" \/><\/a><figcaption class=\"wp-element-caption\"><strong>LIMPIADOR MULTIUSOS LAVANDA<\/strong><\/figcaption><\/figure>\n<\/div>\n<\/div>\n<\/div>\n<\/div>\n\n\n\n<div class=\"wp-block-uagb-container uagb-block-3a7aae25\">\n<div class=\"wp-block-columns is-layout-flex wp-container-core-columns-is-layout-28f84493 wp-block-columns-is-layout-flex\">\n<div class=\"wp-block-column is-layout-flow wp-block-column-is-layout-flow\">\n<div class=\"wp-block-uagb-container uagb-block-f8a65fcb\">\n<figure class=\"wp-block-image size-full\"><a href=\"https:\/\/mcclean.com.co\/index.php\/limpiador-multiusos-canela\/\"><img loading=\"lazy\" decoding=\"async\" width=\"400\" height=\"400\" src=\"https:\/\/mcclean.com.co\/wp-content\/uploads\/2022\/11\/MULTIUSOS-CANELA-.png\" alt=\"\" class=\"wp-image-1872\" srcset=\"https:\/\/mcclean.com.co\/wp-content\/uploads\/2022\/11\/MULTIUSOS-CANELA-.png 400w, https:\/\/mcclean.com.co\/wp-content\/uploads\/2022\/11\/MULTIUSOS-CANELA--300x300.png 300w, https:\/\/mcclean.com.co\/wp-content\/uploads\/2022\/11\/MULTIUSOS-CANELA--150x150.png 150w\" sizes=\"(max-width: 400px) 100vw, 400px\" \/><\/a><figcaption class=\"wp-element-caption\"><strong>LIMPIADOR MULTIUSOS CANELA<\/strong><\/figcaption><\/figure>\n<\/div>\n<\/div>\n\n\n\n<div class=\"wp-block-column is-layout-flow wp-block-column-is-layout-flow\">\n<div class=\"wp-block-uagb-container uagb-block-d36ab715\">\n<figure class=\"wp-block-image aligncenter size-full\"><a href=\"https:\/\/mcclean.com.co\/index.php\/limpiador-multiusos-citronela\/\"><img loading=\"lazy\" decoding=\"async\" width=\"400\" height=\"400\" src=\"https:\/\/mcclean.com.co\/wp-content\/uploads\/2022\/11\/MULTIUSOS-CITRONELA-.png\" alt=\"\" class=\"wp-image-1873\" srcset=\"https:\/\/mcclean.com.co\/wp-content\/uploads\/2022\/11\/MULTIUSOS-CITRONELA-.png 400w, https:\/\/mcclean.com.co\/wp-content\/uploads\/2022\/11\/MULTIUSOS-CITRONELA--300x300.png 300w, https:\/\/mcclean.com.co\/wp-content\/uploads\/2022\/11\/MULTIUSOS-CITRONELA--150x150.png 150w\" sizes=\"(max-width: 400px) 100vw, 400px\" \/><\/a><figcaption class=\"wp-element-caption\"><strong><strong>LIMPIADOR MULTIUSOS <\/strong>CITRONELA<\/strong><\/figcaption><\/figure>\n<\/div>\n<\/div>\n\n\n\n<div class=\"wp-block-column is-layout-flow wp-block-column-is-layout-flow\">\n<div class=\"wp-block-uagb-container uagb-block-87addbca\">\n<figure class=\"wp-block-image aligncenter size-full\"><a href=\"https:\/\/mcclean.com.co\/index.php\/desengrasante\/\"><img loading=\"lazy\" decoding=\"async\" width=\"400\" height=\"400\" src=\"https:\/\/mcclean.com.co\/wp-content\/uploads\/2022\/11\/correc-desengra-1.png\" alt=\"\" class=\"wp-image-2080\" srcset=\"https:\/\/mcclean.com.co\/wp-content\/uploads\/2022\/11\/correc-desengra-1.png 400w, https:\/\/mcclean.com.co\/wp-content\/uploads\/2022\/11\/correc-desengra-1-300x300.png 300w, https:\/\/mcclean.com.co\/wp-content\/uploads\/2022\/11\/correc-desengra-1-150x150.png 150w\" sizes=\"(max-width: 400px) 100vw, 400px\" \/><\/a><figcaption class=\"wp-element-caption\"><strong>DESENGRASANTE DE COCINA <\/strong><\/figcaption><\/figure>\n<\/div>\n<\/div>\n<\/div>\n<\/div>\n\n\n\n<div class=\"wp-block-uagb-container uagb-block-c342c4e0\">\n<div class=\"wp-block-columns is-layout-flex wp-container-core-columns-is-layout-28f84493 wp-block-columns-is-layout-flex\">\n<div class=\"wp-block-column is-layout-flow wp-block-column-is-layout-flow\">\n<div class=\"wp-block-uagb-container uagb-block-45913661\">\n<figure class=\"wp-block-image aligncenter size-full\"><a href=\"https:\/\/mcclean.com.co\/index.php\/limpiavidrios\/\"><img loading=\"lazy\" decoding=\"async\" width=\"400\" height=\"400\" src=\"https:\/\/mcclean.com.co\/wp-content\/uploads\/2022\/11\/correc-limpiavidri00922.png\" alt=\"\" class=\"wp-image-2084\" srcset=\"https:\/\/mcclean.com.co\/wp-content\/uploads\/2022\/11\/correc-limpiavidri00922.png 400w, https:\/\/mcclean.com.co\/wp-content\/uploads\/2022\/11\/correc-limpiavidri00922-300x300.png 300w, https:\/\/mcclean.com.co\/wp-content\/uploads\/2022\/11\/correc-limpiavidri00922-150x150.png 150w\" sizes=\"(max-width: 400px) 100vw, 400px\" \/><\/a><figcaption class=\"wp-element-caption\"><strong>LIMPIAVIDRIOS<\/strong><\/figcaption><\/figure>\n<\/div>\n<\/div>\n\n\n\n<div class=\"wp-block-column is-layout-flow wp-block-column-is-layout-flow\"><\/div>\n\n\n\n<div class=\"wp-block-column is-layout-flow wp-block-column-is-layout-flow\"><\/div>\n<\/div>\n<\/div>\n<\/div><\/div>\n\n\n\n<div class=\"wp-block-uagb-advanced-heading uagb-block-53fe712e\"><h2 class=\"uagb-heading-text\">Cuidado personal<\/h2><\/div>\n\n\n\n<div class=\"wp-block-uagb-container uagb-block-f0d7ac5c alignfull uagb-is-root-container\"><div class=\"uagb-container-inner-blocks-wrap\">\n<div class=\"wp-block-uagb-container uagb-block-a8998afb\">\n<div class=\"wp-block-columns is-layout-flex wp-container-core-columns-is-layout-28f84493 wp-block-columns-is-layout-flex\">\n<div class=\"wp-block-column is-layout-flow wp-block-column-is-layout-flow\">\n<div class=\"wp-block-uagb-container uagb-block-21247254\">\n<figure class=\"wp-block-image aligncenter size-full\"><a href=\"https:\/\/mcclean.com.co\/index.php\/jabon-citrico\/\"><img loading=\"lazy\" decoding=\"async\" width=\"400\" height=\"400\" src=\"https:\/\/mcclean.com.co\/wp-content\/uploads\/2022\/11\/jabon-4.png\" alt=\"\" class=\"wp-image-1881\" srcset=\"https:\/\/mcclean.com.co\/wp-content\/uploads\/2022\/11\/jabon-4.png 400w, https:\/\/mcclean.com.co\/wp-content\/uploads\/2022\/11\/jabon-4-300x300.png 300w, https:\/\/mcclean.com.co\/wp-content\/uploads\/2022\/11\/jabon-4-150x150.png 150w\" sizes=\"(max-width: 400px) 100vw, 400px\" \/><\/a><figcaption class=\"wp-element-caption\"><strong>JAB\u00d3N L\u00cdQUIDO PARA MANOS ANTIBACTERIAL C\u00cdTRICO<\/strong><\/figcaption><\/figure>\n<\/div>\n<\/div>\n\n\n\n<div class=\"wp-block-column is-layout-flow wp-block-column-is-layout-flow\">\n<div class=\"wp-block-uagb-container uagb-block-118e7e1b\">\n<figure class=\"wp-block-image aligncenter size-full\"><a href=\"https:\/\/mcclean.com.co\/index.php\/jabon-frutos-rojos\/\"><img loading=\"lazy\" decoding=\"async\" width=\"400\" height=\"400\" src=\"https:\/\/mcclean.com.co\/wp-content\/uploads\/2022\/11\/jabon-1.png\" alt=\"\" class=\"wp-image-1878\" srcset=\"https:\/\/mcclean.com.co\/wp-content\/uploads\/2022\/11\/jabon-1.png 400w, https:\/\/mcclean.com.co\/wp-content\/uploads\/2022\/11\/jabon-1-300x300.png 300w, https:\/\/mcclean.com.co\/wp-content\/uploads\/2022\/11\/jabon-1-150x150.png 150w\" sizes=\"(max-width: 400px) 100vw, 400px\" \/><\/a><figcaption class=\"wp-element-caption\"><strong>JAB\u00d3N L\u00cdQUIDO PARA MANOS ANTIBACTERIAL FRUTOS ROJOS<\/strong><\/figcaption><\/figure>\n<\/div>\n<\/div>\n\n\n\n<div class=\"wp-block-column is-layout-flow wp-block-column-is-layout-flow\">\n<div class=\"wp-block-uagb-container uagb-block-c6896670\">\n<figure class=\"wp-block-image aligncenter size-full\"><a href=\"https:\/\/mcclean.com.co\/index.php\/jabon-rosas\/\"><img loading=\"lazy\" decoding=\"async\" width=\"400\" height=\"400\" src=\"https:\/\/mcclean.com.co\/wp-content\/uploads\/2022\/11\/jabon-2.png\" alt=\"\" class=\"wp-image-1879\" srcset=\"https:\/\/mcclean.com.co\/wp-content\/uploads\/2022\/11\/jabon-2.png 400w, https:\/\/mcclean.com.co\/wp-content\/uploads\/2022\/11\/jabon-2-300x300.png 300w, https:\/\/mcclean.com.co\/wp-content\/uploads\/2022\/11\/jabon-2-150x150.png 150w\" sizes=\"(max-width: 400px) 100vw, 400px\" \/><\/a><figcaption class=\"wp-element-caption\"><strong>JAB\u00d3N L\u00cdQUIDO PARA MANOS ANTIBACTERIAL ROSAS<\/strong><\/figcaption><\/figure>\n<\/div>\n<\/div>\n<\/div>\n\n\n\n<div class=\"wp-block-columns is-layout-flex wp-container-core-columns-is-layout-28f84493 wp-block-columns-is-layout-flex\">\n<div class=\"wp-block-column is-layout-flow wp-block-column-is-layout-flow\">\n<div class=\"wp-block-uagb-container uagb-block-3e3fa346\">\n<figure class=\"wp-block-image aligncenter size-full\"><a href=\"https:\/\/mcclean.com.co\/index.php\/jabon-avena\/\"><img loading=\"lazy\" decoding=\"async\" width=\"400\" height=\"400\" src=\"https:\/\/mcclean.com.co\/wp-content\/uploads\/2022\/11\/jabon-3.png\" alt=\"\" class=\"wp-image-1880\" srcset=\"https:\/\/mcclean.com.co\/wp-content\/uploads\/2022\/11\/jabon-3.png 400w, https:\/\/mcclean.com.co\/wp-content\/uploads\/2022\/11\/jabon-3-300x300.png 300w, https:\/\/mcclean.com.co\/wp-content\/uploads\/2022\/11\/jabon-3-150x150.png 150w\" sizes=\"(max-width: 400px) 100vw, 400px\" \/><\/a><figcaption class=\"wp-element-caption\"><strong>JAB\u00d3N L\u00cdQUIDO PARA MANOS Y CUERPO AVENA<\/strong><\/figcaption><\/figure>\n<\/div>\n<\/div>\n\n\n\n<div class=\"wp-block-column is-layout-flow wp-block-column-is-layout-flow\"><\/div>\n\n\n\n<div class=\"wp-block-column is-layout-flow wp-block-column-is-layout-flow\"><\/div>\n<\/div>\n<\/div>\n<\/div><\/div>\n","protected":false},"excerpt":{"rendered":"<p>Cuidado de la ropa Cuidado del hogar Cuidado personal<\/p>\n","protected":false},"author":1,"featured_media":0,"parent":0,"menu_order":0,"comment_status":"closed","ping_status":"closed","template":"","meta":{"_uag_custom_page_level_css":"","site-sidebar-layout":"no-sidebar","site-content-layout":"plain-container","ast-global-header-display":"","ast-main-header-display":"","ast-hfb-above-header-display":"","ast-hfb-below-header-display":"","ast-hfb-mobile-header-display":"","site-post-title":"disabled","ast-breadcrumbs-content":"disabled","ast-featured-img":"disabled","footer-sml-layout":"","theme-transparent-header-meta":"enabled","adv-header-id-meta":"","stick-header-meta":"","header-above-stick-meta":"","header-main-stick-meta":"","header-below-stick-meta":"","footnotes":""},"class_list":["post-900","page","type-page","status-publish","hentry"],"uagb_featured_image_src":{"full":false,"thumbnail":false,"medium":false,"medium_large":false,"large":false,"1536x1536":false,"2048x2048":false},"uagb_author_info":{"display_name":"admin","author_link":"https:\/\/mcclean.com.co\/index.php\/author\/admin\/"},"uagb_comment_info":0,"uagb_excerpt":"Cuidado de la ropa Cuidado del hogar Cuidado personal","_links":{"self":[{"href":"https:\/\/mcclean.com.co\/index.php\/wp-json\/wp\/v2\/pages\/900","targetHints":{"allow":["GET"]}}],"collection":[{"href":"https:\/\/mcclean.com.co\/index.php\/wp-json\/wp\/v2\/pages"}],"about":[{"href":"https:\/\/mcclean.com.co\/index.php\/wp-json\/wp\/v2\/types\/page"}],"author":[{"embeddable":true,"href":"https:\/\/mcclean.com.co\/index.php\/wp-json\/wp\/v2\/users\/1"}],"replies":[{"embeddable":true,"href":"https:\/\/mcclean.com.co\/index.php\/wp-json\/wp\/v2\/comments?post=900"}],"version-history":[{"count":73,"href":"https:\/\/mcclean.com.co\/index.php\/wp-json\/wp\/v2\/pages\/900\/revisions"}],"predecessor-version":[{"id":2448,"href":"https:\/\/mcclean.com.co\/index.php\/wp-json\/wp\/v2\/pages\/900\/revisions\/2448"}],"wp:attachment":[{"href":"https:\/\/mcclean.com.co\/index.php\/wp-json\/wp\/v2\/media?parent=900"}],"curies":[{"name":"wp","href":"https:\/\/api.w.org\/{rel}","templated":true}]}}