{"id":902,"date":"2021-04-10T04:07:48","date_gmt":"2021-04-10T04:07:48","guid":{"rendered":"https:\/\/mcclean.com.co\/index.php\/about\/"},"modified":"2022-11-11T04:26:20","modified_gmt":"2022-11-11T04:26:20","slug":"sobre-nosotros","status":"publish","type":"page","link":"https:\/\/mcclean.com.co\/index.php\/sobre-nosotros\/","title":{"rendered":"Sobre nosotros"},"content":{"rendered":"\n<div class=\"wp-block-uagb-container uagb-block-e1d84b3f alignfull uagb-is-root-container\"><div class=\"uagb-container-inner-blocks-wrap\"><\/div><\/div>\n\n\n\n<div class=\"wp-block-uagb-container uagb-block-b3173e75 alignfull uagb-is-root-container\"><div class=\"uagb-container-inner-blocks-wrap\"><\/div><\/div>\n\n\n\n<div class=\"wp-block-uagb-container uagb-block-42194e10 alignfull uagb-is-root-container\"><div class=\"uagb-container-inner-blocks-wrap\"><\/div><\/div>\n\n\n\n<div class=\"wp-block-uagb-container uagb-block-df299af8 alignfull uagb-is-root-container\"><div class=\"uagb-container-inner-blocks-wrap\"><\/div><\/div>\n\n\n\n<div class=\"wp-block-uagb-container uagb-block-d7cbedf2 alignfull uagb-is-root-container\">\n<div class=\"wp-block-uagb-container uagb-block-fa49306a\">\n<div class=\"wp-block-uagb-container uagb-block-ff4f4c1a alignfull uagb-is-root-container\"><div class=\"uagb-container-inner-blocks-wrap\">\n<h2 class=\"has-text-align-center has-text-color wp-block-heading\" style=\"color:#00156a\">Nuestra empresa<\/h2>\n<\/div><\/div>\n\n\n\n<div class=\"wp-block-uagb-container uagb-block-5ec104e9 alignfull uagb-is-root-container\"><div class=\"uagb-container-inner-blocks-wrap\">\n<p class=\"has-text-align-left has-medium-font-size\" style=\"margin-top:0;margin-right:0;margin-bottom:0;margin-left:0;padding-top:0;padding-right:0;padding-bottom:0;padding-left:0\">Industrias Mc Clean, nace para atender los altos vol\u00famenes de maquilas de marcas privadas en la fabricaci\u00f3n de productos para el aseo del hogar, el cuidado de las prendas, y el cuidado personal. Con el tiempo desarrollamos nuestra propia marca comercial LUVONE.<\/p>\n\n\n\n<p class=\"has-text-align-left has-medium-font-size\" style=\"margin-top:0;margin-right:0;margin-bottom:0;margin-left:0;padding-top:0;padding-right:0;padding-bottom:0;padding-left:0\">Contamos con una moderna planta de alta capacidad de producci\u00f3n con procesos estandarizados y trazables para garantizar la calidad de los productos.<\/p>\n\n\n\n<p class=\"has-text-align-left has-medium-font-size\" style=\"margin-top:0;margin-right:0;margin-bottom:0;margin-left:0;padding-top:0;padding-right:0;padding-bottom:0;padding-left:0\">Crear confianza y brindar protecci\u00f3n nos reta a trabajar cada d\u00eda en la innovaci\u00f3n y desarrollo de productos con f\u00f3rmulas altamente competitivas, materias primas amigables con el medio ambiente y material de empaque exclusivo.<\/p>\n\n\n\n<p class=\"has-text-align-left has-medium-font-size\" style=\"margin-top:0;margin-right:0;margin-bottom:0;margin-left:0;padding-top:0;padding-right:0;padding-bottom:0;padding-left:0\">Operamos con est\u00e1ndares de calidad internacional, la FDA nos certific\u00f3, lo cual nos permite iniciar gesti\u00f3n de comercio exterior mediante la exportaci\u00f3n de todo nuestro portafolio hacia los Estados Unidos. Por lo anterior, expandimos con un centro de distribuci\u00f3n y operaciones en Florida.<\/p>\n\n\n\n<p class=\"has-text-align-left has-medium-font-size\" style=\"margin-top:0;margin-right:0;margin-bottom:0;margin-left:0;padding-top:0;padding-right:0;padding-bottom:0;padding-left:0\">Nuestro equipo de trabajo les da una cordial bienvenida a Industrias Mc Clean.<\/p>\n<\/div><\/div>\n<\/div>\n<\/div>\n\n\n\n<div class=\"wp-block-uagb-container uagb-block-7760c304 alignfull uagb-is-root-container\"><div class=\"uagb-container-inner-blocks-wrap\">\n<div class=\"wp-block-uagb-container uagb-block-97a10bcb\">\n<h2 class=\"has-text-align-center has-text-color wp-block-heading\" style=\"color:#00156a\">Categorias y servicios <\/h2>\n<\/div>\n\n\n\n<figure class=\"wp-block-image aligncenter size-large is-resized is-style-default\"><img decoding=\"async\" src=\"https:\/\/mcclean.com.co\/wp-content\/uploads\/2022\/11\/CATEGORIAS-Y-SERVICIOS-023-1024x444.png\" alt=\"\" class=\"wp-image-1809\" width=\"1061\" srcset=\"https:\/\/mcclean.com.co\/wp-content\/uploads\/2022\/11\/CATEGORIAS-Y-SERVICIOS-023-1024x444.png 1024w, https:\/\/mcclean.com.co\/wp-content\/uploads\/2022\/11\/CATEGORIAS-Y-SERVICIOS-023-300x130.png 300w, https:\/\/mcclean.com.co\/wp-content\/uploads\/2022\/11\/CATEGORIAS-Y-SERVICIOS-023-768x333.png 768w, https:\/\/mcclean.com.co\/wp-content\/uploads\/2022\/11\/CATEGORIAS-Y-SERVICIOS-023.png 1507w\" sizes=\"(max-width: 1024px) 100vw, 1024px\" \/><\/figure>\n\n\n\n<div class=\"wp-block-uagb-container uagb-block-f8ec7ec3\"><\/div>\n\n\n\n<div class=\"wp-block-uagb-container uagb-block-ce42c71b\"><\/div>\n\n\n\n<div class=\"wp-block-uagb-container uagb-block-f8c421b7\"><\/div>\n<\/div><\/div>\n\n\n\n<div class=\"wp-block-uagb-container uagb-block-da9e47de alignfull uagb-is-root-container\"><div class=\"uagb-container-inner-blocks-wrap\">\n<div class=\"wp-block-uagb-buttons uagb-buttons__outer-wrap uagb-btn__medium-btn uagb-btn-tablet__default-btn uagb-btn-mobile__default-btn uagb-block-b8c1d859\"><div class=\"uagb-buttons__wrap uagb-buttons-layout-wrap\">\n<div class=\"wp-block-uagb-buttons-child uagb-buttons__outer-wrap uagb-block-bc8c63b1 wp-block-button is-style-outline\"><div class=\"uagb-button__wrapper\"><a class=\"uagb-buttons-repeater wp-block-button__link\" href=\"https:\/\/www.youtube.com\/watch?v=bO-v-gja4xs\" rel=\"follow noopener\" target=\"_blank\"><div class=\"uagb-button__link\">Watch Video<\/div><span class=\"uagb-button__icon uagb-button__icon-position-after\"><svg xmlns=\"https:\/\/www.w3.org\/2000\/svg\" viewBox=\"0 0 448 512\"><path d=\"M438.6 278.6l-160 160C272.4 444.9 264.2 448 256 448s-16.38-3.125-22.62-9.375c-12.5-12.5-12.5-32.75 0-45.25L338.8 288H32C14.33 288 .0016 273.7 .0016 256S14.33 224 32 224h306.8l-105.4-105.4c-12.5-12.5-12.5-32.75 0-45.25s32.75-12.5 45.25 0l160 160C451.1 245.9 451.1 266.1 438.6 278.6z\"><\/path><\/svg><\/span><\/a><\/div><\/div>\n<\/div><\/div>\n<\/div><\/div>\n\n\n\n<div class=\"wp-block-uagb-container uagb-block-2f2d4b2c alignfull uagb-is-root-container\"><div class=\"uagb-container-inner-blocks-wrap\"><\/div><\/div>\n\n\n\n<div class=\"wp-block-uagb-container uagb-block-5cef71e6 alignfull uagb-is-root-container\"><div class=\"uagb-container-inner-blocks-wrap\"><\/div><\/div>\n","protected":false},"excerpt":{"rendered":"<p>Nuestra empresa Industrias Mc Clean, nace para atender los altos vol\u00famenes de maquilas de marcas privadas en la fabricaci\u00f3n de productos para el aseo del hogar, el cuidado de las prendas, y el cuidado personal. Con el tiempo desarrollamos nuestra propia marca comercial LUVONE. Contamos con una moderna planta de alta capacidad de producci\u00f3n con &hellip;<\/p>\n<p class=\"read-more\"> <a class=\"\" href=\"https:\/\/mcclean.com.co\/index.php\/sobre-nosotros\/\"> <span class=\"screen-reader-text\">Sobre nosotros<\/span> Leer m\u00e1s &raquo;<\/a><\/p>\n","protected":false},"author":1,"featured_media":0,"parent":0,"menu_order":0,"comment_status":"closed","ping_status":"closed","template":"","meta":{"_uag_custom_page_level_css":"","site-sidebar-layout":"no-sidebar","site-content-layout":"plain-container","ast-global-header-display":"","ast-main-header-display":"","ast-hfb-above-header-display":"","ast-hfb-below-header-display":"","ast-hfb-mobile-header-display":"","site-post-title":"disabled","ast-breadcrumbs-content":"disabled","ast-featured-img":"disabled","footer-sml-layout":"","theme-transparent-header-meta":"enabled","adv-header-id-meta":"","stick-header-meta":"","header-above-stick-meta":"","header-main-stick-meta":"","header-below-stick-meta":"","footnotes":""},"class_list":["post-902","page","type-page","status-publish","hentry"],"uagb_featured_image_src":{"full":false,"thumbnail":false,"medium":false,"medium_large":false,"large":false,"1536x1536":false,"2048x2048":false},"uagb_author_info":{"display_name":"admin","author_link":"https:\/\/mcclean.com.co\/index.php\/author\/admin\/"},"uagb_comment_info":0,"uagb_excerpt":"Nuestra empresa Industrias Mc Clean, nace para atender los altos vol\u00famenes de maquilas de marcas privadas en la fabricaci\u00f3n de productos para el aseo del hogar, el cuidado de las prendas, y el cuidado personal. Con el tiempo desarrollamos nuestra propia marca comercial LUVONE. Contamos con una moderna planta de alta capacidad de producci\u00f3n con&hellip;","_links":{"self":[{"href":"https:\/\/mcclean.com.co\/index.php\/wp-json\/wp\/v2\/pages\/902","targetHints":{"allow":["GET"]}}],"collection":[{"href":"https:\/\/mcclean.com.co\/index.php\/wp-json\/wp\/v2\/pages"}],"about":[{"href":"https:\/\/mcclean.com.co\/index.php\/wp-json\/wp\/v2\/types\/page"}],"author":[{"embeddable":true,"href":"https:\/\/mcclean.com.co\/index.php\/wp-json\/wp\/v2\/users\/1"}],"replies":[{"embeddable":true,"href":"https:\/\/mcclean.com.co\/index.php\/wp-json\/wp\/v2\/comments?post=902"}],"version-history":[{"count":94,"href":"https:\/\/mcclean.com.co\/index.php\/wp-json\/wp\/v2\/pages\/902\/revisions"}],"predecessor-version":[{"id":2435,"href":"https:\/\/mcclean.com.co\/index.php\/wp-json\/wp\/v2\/pages\/902\/revisions\/2435"}],"wp:attachment":[{"href":"https:\/\/mcclean.com.co\/index.php\/wp-json\/wp\/v2\/media?parent=902"}],"curies":[{"name":"wp","href":"https:\/\/api.w.org\/{rel}","templated":true}]}}